{"id":42,"date":"2023-11-17T19:09:14","date_gmt":"2023-11-17T18:09:14","guid":{"rendered":"https:\/\/pomos-y-tiradores.entutienda.vip\/?page_id=42"},"modified":"2023-11-17T19:09:15","modified_gmt":"2023-11-17T18:09:15","slug":"pomos-ceramica-para-muebles","status":"publish","type":"page","link":"https:\/\/pomos-y-tiradores.entutienda.vip\/index.php\/pomos-ceramica-para-muebles\/","title":{"rendered":"Pomos de cer\u00e1mica para muebles &#8211; La mejor selecci\u00f3n del 2024"},"content":{"rendered":"\n[ap-productos \n country=\u00bbes\u00bb \n affiliated_id=\u00bbpomos-y-tiradores-21&#8243; \n category=\u00bbPomos de cer\u00e1mica para muebles\u00bb \n asins=\u00bbB073QJXMXN{recomendado} B07SL5LXNK B06ZZRVVTN B07FRCYLPH B07SL4RHJF B076PFDBXL{recomendado} B076PNWLYK B07TK2LSHP{recomendado} B07TBYW576 B073SR94G5 B07R2MTVDY{recomendado} B01NC383VO B06XFM99RW B076PTCGGV{recomendado} B073SSFB4S B07T9Z5LPP{recomendado} B07TG7XHXB B07CP2PXTK B07BH36L59 B07KC25KQR B078XH7NFF{recomendado} B076D2S5GV B07XGC5NM3 B01EQDTO0S B01G2EQRXG B01GTRHBC2{recomendado} B01H5BSV7A B01IDMGW94 B01MTJPU89{recomendado} B076Z457TR B082P4SYMV B0727Y8N9W B07Q3CX973{recomendado} B06XPCWJ12 B07YH52NBZ B018A76H9W B07QWK74MN B079VPB1QM B07KH37B6M B07CV5YCJJ B07MGK1GL3 B0854D439Y B01G06ZTL2 B01G07JMSC B0778NWY1C B0778Q8Z46 B0778RMKLW B086BYZSMY\u00bb]\n","protected":false},"excerpt":{"rendered":"<p>[ap-productos country=\u00bbes\u00bb affiliated_id=\u00bbpomos-y-tiradores-21&#8243; category=\u00bbPomos de cer\u00e1mica para muebles\u00bb asins=\u00bbB073QJXMXN{recomendado} B07SL5LXNK B06ZZRVVTN B07FRCYLPH B07SL4RHJF B076PFDBXL{recomendado} B076PNWLYK B07TK2LSHP{recomendado} B07TBYW576 B073SR94G5 B07R2MTVDY{recomendado} B01NC383VO B06XFM99RW B076PTCGGV{recomendado} B073SSFB4S B07T9Z5LPP{recomendado} B07TG7XHXB B07CP2PXTK B07BH36L59 B07KC25KQR B078XH7NFF{recomendado} B076D2S5GV B07XGC5NM3 B01EQDTO0S B01G2EQRXG B01GTRHBC2{recomendado} B01H5BSV7A B01IDMGW94 B01MTJPU89{recomendado} B076Z457TR B082P4SYMV B0727Y8N9W B07Q3CX973{recomendado} B06XPCWJ12 B07YH52NBZ B018A76H9W B07QWK74MN B079VPB1QM B07KH37B6M B07CV5YCJJ B07MGK1GL3 B0854D439Y B01G06ZTL2 B01G07JMSC B0778NWY1C B0778Q8Z46 B0778RMKLW &#8230; <a title=\"Pomos de cer\u00e1mica para muebles &#8211; La mejor selecci\u00f3n del 2024\" class=\"read-more\" href=\"https:\/\/pomos-y-tiradores.entutienda.vip\/index.php\/pomos-ceramica-para-muebles\/\" aria-label=\"M\u00e1s en Pomos de cer\u00e1mica para muebles &#8211; La mejor selecci\u00f3n del 2024\">Leer m\u00e1s<\/a><\/p>\n","protected":false},"author":1,"featured_media":0,"parent":0,"menu_order":0,"comment_status":"closed","ping_status":"closed","template":"","meta":{"footnotes":""},"wf_page_folders":[4],"class_list":["post-42","page","type-page","status-publish"],"yoast_head":"<!-- This site is optimized with the Yoast SEO plugin v21.5 - https:\/\/yoast.com\/wordpress\/plugins\/seo\/ -->\n<title>Pomos de cer\u00e1mica para muebles &#8211; La mejor selecci\u00f3n del 2024<\/title>\n<meta name=\"robots\" content=\"noindex, follow, max-snippet:-1, max-image-preview:large, max-video-preview:-1\" \/>\n<meta property=\"og:locale\" content=\"es_ES\" \/>\n<meta property=\"og:type\" content=\"article\" \/>\n<meta property=\"og:title\" content=\"Pomos de cer\u00e1mica para muebles &#8211; La mejor selecci\u00f3n del 2024\" \/>\n<meta property=\"og:description\" content=\"[ap-productos country=\u00bbes\u00bb affiliated_id=\u00bbpomos-y-tiradores-21&#8243; category=\u00bbPomos de cer\u00e1mica para muebles\u00bb asins=\u00bbB073QJXMXN{recomendado} B07SL5LXNK B06ZZRVVTN B07FRCYLPH B07SL4RHJF B076PFDBXL{recomendado} B076PNWLYK B07TK2LSHP{recomendado} B07TBYW576 B073SR94G5 B07R2MTVDY{recomendado} B01NC383VO B06XFM99RW B076PTCGGV{recomendado} B073SSFB4S B07T9Z5LPP{recomendado} B07TG7XHXB B07CP2PXTK B07BH36L59 B07KC25KQR B078XH7NFF{recomendado} B076D2S5GV B07XGC5NM3 B01EQDTO0S B01G2EQRXG B01GTRHBC2{recomendado} B01H5BSV7A B01IDMGW94 B01MTJPU89{recomendado} B076Z457TR B082P4SYMV B0727Y8N9W B07Q3CX973{recomendado} B06XPCWJ12 B07YH52NBZ B018A76H9W B07QWK74MN B079VPB1QM B07KH37B6M B07CV5YCJJ B07MGK1GL3 B0854D439Y B01G06ZTL2 B01G07JMSC B0778NWY1C B0778Q8Z46 B0778RMKLW ... Leer m\u00e1s\" \/>\n<meta property=\"og:url\" content=\"https:\/\/pomos-y-tiradores.entutienda.vip\/index.php\/pomos-ceramica-para-muebles\/\" \/>\n<meta property=\"og:site_name\" content=\"Pomos y tiradores\" \/>\n<meta property=\"article:modified_time\" content=\"2023-11-17T18:09:15+00:00\" \/>\n<meta name=\"twitter:card\" content=\"summary_large_image\" \/>\n<meta name=\"twitter:label1\" content=\"Tiempo de lectura\" \/>\n\t<meta name=\"twitter:data1\" content=\"1 minuto\" \/>\n<script type=\"application\/ld+json\" class=\"yoast-schema-graph\">{\"@context\":\"https:\/\/schema.org\",\"@graph\":[{\"@type\":\"WebPage\",\"@id\":\"https:\/\/pomos-y-tiradores.entutienda.vip\/index.php\/pomos-ceramica-para-muebles\/\",\"url\":\"https:\/\/pomos-y-tiradores.entutienda.vip\/index.php\/pomos-ceramica-para-muebles\/\",\"name\":\"Pomos de cer\u00e1mica para muebles - La mejor selecci\u00f3n del 2024\",\"isPartOf\":{\"@id\":\"https:\/\/pomos-y-tiradores.entutienda.vip\/#website\"},\"datePublished\":\"2023-11-17T18:09:14+00:00\",\"dateModified\":\"2023-11-17T18:09:15+00:00\",\"inLanguage\":\"es\",\"potentialAction\":[{\"@type\":\"ReadAction\",\"target\":[\"https:\/\/pomos-y-tiradores.entutienda.vip\/index.php\/pomos-ceramica-para-muebles\/\"]}]},{\"@type\":\"WebSite\",\"@id\":\"https:\/\/pomos-y-tiradores.entutienda.vip\/#website\",\"url\":\"https:\/\/pomos-y-tiradores.entutienda.vip\/\",\"name\":\"Pomos y tiradores\",\"description\":\"Tienda donde encontraras todo tipo de tiradores, pomos y manecillas tanto para puertas como para cajones\",\"potentialAction\":[{\"@type\":\"SearchAction\",\"target\":{\"@type\":\"EntryPoint\",\"urlTemplate\":\"https:\/\/pomos-y-tiradores.entutienda.vip\/?s={search_term_string}\"},\"query-input\":\"required name=search_term_string\"}],\"inLanguage\":\"es\"}]}<\/script>\n<!-- \/ Yoast SEO plugin. -->","yoast_head_json":{"title":"Pomos de cer\u00e1mica para muebles &#8211; La mejor selecci\u00f3n del 2024","robots":{"index":"noindex","follow":"follow","max-snippet":"max-snippet:-1","max-image-preview":"max-image-preview:large","max-video-preview":"max-video-preview:-1"},"og_locale":"es_ES","og_type":"article","og_title":"Pomos de cer\u00e1mica para muebles &#8211; La mejor selecci\u00f3n del 2024","og_description":"[ap-productos country=\u00bbes\u00bb affiliated_id=\u00bbpomos-y-tiradores-21&#8243; category=\u00bbPomos de cer\u00e1mica para muebles\u00bb asins=\u00bbB073QJXMXN{recomendado} B07SL5LXNK B06ZZRVVTN B07FRCYLPH B07SL4RHJF B076PFDBXL{recomendado} B076PNWLYK B07TK2LSHP{recomendado} B07TBYW576 B073SR94G5 B07R2MTVDY{recomendado} B01NC383VO B06XFM99RW B076PTCGGV{recomendado} B073SSFB4S B07T9Z5LPP{recomendado} B07TG7XHXB B07CP2PXTK B07BH36L59 B07KC25KQR B078XH7NFF{recomendado} B076D2S5GV B07XGC5NM3 B01EQDTO0S B01G2EQRXG B01GTRHBC2{recomendado} B01H5BSV7A B01IDMGW94 B01MTJPU89{recomendado} B076Z457TR B082P4SYMV B0727Y8N9W B07Q3CX973{recomendado} B06XPCWJ12 B07YH52NBZ B018A76H9W B07QWK74MN B079VPB1QM B07KH37B6M B07CV5YCJJ B07MGK1GL3 B0854D439Y B01G06ZTL2 B01G07JMSC B0778NWY1C B0778Q8Z46 B0778RMKLW ... Leer m\u00e1s","og_url":"https:\/\/pomos-y-tiradores.entutienda.vip\/index.php\/pomos-ceramica-para-muebles\/","og_site_name":"Pomos y tiradores","article_modified_time":"2023-11-17T18:09:15+00:00","twitter_card":"summary_large_image","twitter_misc":{"Tiempo de lectura":"1 minuto"},"schema":{"@context":"https:\/\/schema.org","@graph":[{"@type":"WebPage","@id":"https:\/\/pomos-y-tiradores.entutienda.vip\/index.php\/pomos-ceramica-para-muebles\/","url":"https:\/\/pomos-y-tiradores.entutienda.vip\/index.php\/pomos-ceramica-para-muebles\/","name":"Pomos de cer\u00e1mica para muebles - La mejor selecci\u00f3n del 2024","isPartOf":{"@id":"https:\/\/pomos-y-tiradores.entutienda.vip\/#website"},"datePublished":"2023-11-17T18:09:14+00:00","dateModified":"2023-11-17T18:09:15+00:00","inLanguage":"es","potentialAction":[{"@type":"ReadAction","target":["https:\/\/pomos-y-tiradores.entutienda.vip\/index.php\/pomos-ceramica-para-muebles\/"]}]},{"@type":"WebSite","@id":"https:\/\/pomos-y-tiradores.entutienda.vip\/#website","url":"https:\/\/pomos-y-tiradores.entutienda.vip\/","name":"Pomos y tiradores","description":"Tienda donde encontraras todo tipo de tiradores, pomos y manecillas tanto para puertas como para cajones","potentialAction":[{"@type":"SearchAction","target":{"@type":"EntryPoint","urlTemplate":"https:\/\/pomos-y-tiradores.entutienda.vip\/?s={search_term_string}"},"query-input":"required name=search_term_string"}],"inLanguage":"es"}]}},"_links":{"self":[{"href":"https:\/\/pomos-y-tiradores.entutienda.vip\/index.php\/wp-json\/wp\/v2\/pages\/42","targetHints":{"allow":["GET"]}}],"collection":[{"href":"https:\/\/pomos-y-tiradores.entutienda.vip\/index.php\/wp-json\/wp\/v2\/pages"}],"about":[{"href":"https:\/\/pomos-y-tiradores.entutienda.vip\/index.php\/wp-json\/wp\/v2\/types\/page"}],"author":[{"embeddable":true,"href":"https:\/\/pomos-y-tiradores.entutienda.vip\/index.php\/wp-json\/wp\/v2\/users\/1"}],"replies":[{"embeddable":true,"href":"https:\/\/pomos-y-tiradores.entutienda.vip\/index.php\/wp-json\/wp\/v2\/comments?post=42"}],"version-history":[{"count":1,"href":"https:\/\/pomos-y-tiradores.entutienda.vip\/index.php\/wp-json\/wp\/v2\/pages\/42\/revisions"}],"predecessor-version":[{"id":43,"href":"https:\/\/pomos-y-tiradores.entutienda.vip\/index.php\/wp-json\/wp\/v2\/pages\/42\/revisions\/43"}],"wp:attachment":[{"href":"https:\/\/pomos-y-tiradores.entutienda.vip\/index.php\/wp-json\/wp\/v2\/media?parent=42"}],"wp:term":[{"taxonomy":"wf_page_folders","embeddable":true,"href":"https:\/\/pomos-y-tiradores.entutienda.vip\/index.php\/wp-json\/wp\/v2\/wf_page_folders?post=42"}],"curies":[{"name":"wp","href":"https:\/\/api.w.org\/{rel}","templated":true}]}}