{"id":36,"date":"2023-11-17T19:04:56","date_gmt":"2023-11-17T18:04:56","guid":{"rendered":"https:\/\/pomos-y-tiradores.entutienda.vip\/?page_id=36"},"modified":"2024-01-27T21:34:02","modified_gmt":"2024-01-27T21:34:02","slug":"tienda-donde-encontraras-todo-tipo-de-pomos-tiradores-y-manecillas-tanto-para-cajones-como-puertas","status":"publish","type":"page","link":"https:\/\/pomos-y-tiradores.entutienda.vip\/","title":{"rendered":"Tienda donde encontraras todo tipo de pomos, tiradores y manecillas tanto para cajones como puertas"},"content":{"rendered":"\n<h2 class=\"wp-block-heading\">Aqu\u00ed tienes un listado de las categor\u00edas de productos que puedes encontrar<\/h2>\n\n\n\n<div class=\"wp-block-columns is-layout-flex wp-container-core-columns-is-layout-9d6595d7 wp-block-columns-is-layout-flex\">\n<div class=\"wp-block-column is-layout-flow wp-block-column-is-layout-flow\"><div class=\"wp-block-image is-resized\">\n<figure class=\"aligncenter size-full\"><a href=\"https:\/\/pomos-y-tiradores.entutienda.vip\/index.php\/manillas-con-cerradora-para-puertas\/\"><img loading=\"lazy\" decoding=\"async\" width=\"400\" height=\"400\" src=\"https:\/\/pomos-y-tiradores.entutienda.vip\/wp-content\/uploads\/2023\/11\/manetas-para-puerta-con-llave.jpg\" alt=\"Manetas para puertas con llave\" class=\"wp-image-69\" srcset=\"https:\/\/pomos-y-tiradores.entutienda.vip\/wp-content\/uploads\/2023\/11\/manetas-para-puerta-con-llave.jpg 400w, https:\/\/pomos-y-tiradores.entutienda.vip\/wp-content\/uploads\/2023\/11\/manetas-para-puerta-con-llave-300x300.jpg 300w, https:\/\/pomos-y-tiradores.entutienda.vip\/wp-content\/uploads\/2023\/11\/manetas-para-puerta-con-llave-150x150.jpg 150w\" sizes=\"auto, (max-width: 400px) 100vw, 400px\" \/><\/a><\/figure>\n<\/div>\n\n\n<p class=\"has-text-align-center\"><strong>Manetas para puertas con llave<\/strong><\/p>\n\n\n<div class=\"wp-block-image is-resized\">\n<figure class=\"aligncenter size-full\"><a href=\"https:\/\/pomos-y-tiradores.entutienda.vip\/index.php\/tiradores-cuero-para-muebles\/\"><img loading=\"lazy\" decoding=\"async\" width=\"400\" height=\"400\" src=\"https:\/\/pomos-y-tiradores.entutienda.vip\/wp-content\/uploads\/2023\/11\/tiradores-de-cuero.jpg\" alt=\"Tiradores de cuero para muebles\" class=\"wp-image-77\" srcset=\"https:\/\/pomos-y-tiradores.entutienda.vip\/wp-content\/uploads\/2023\/11\/tiradores-de-cuero.jpg 400w, https:\/\/pomos-y-tiradores.entutienda.vip\/wp-content\/uploads\/2023\/11\/tiradores-de-cuero-300x300.jpg 300w, https:\/\/pomos-y-tiradores.entutienda.vip\/wp-content\/uploads\/2023\/11\/tiradores-de-cuero-150x150.jpg 150w\" sizes=\"auto, (max-width: 400px) 100vw, 400px\" \/><\/a><\/figure>\n<\/div>\n\n\n<p class=\"has-text-align-center\"><strong>Tiradores de cuero para muebles<\/strong><\/p>\n\n\n<div class=\"wp-block-image is-resized\">\n<figure class=\"aligncenter size-full\"><a href=\"https:\/\/pomos-y-tiradores.entutienda.vip\/index.php\/pomos-laton-para-muebles\/\"><img loading=\"lazy\" decoding=\"async\" width=\"400\" height=\"400\" src=\"https:\/\/pomos-y-tiradores.entutienda.vip\/wp-content\/uploads\/2023\/11\/pomos-de-laton.jpg\" alt=\"Pomos de lat\u00f3n para muebles\" class=\"wp-image-74\" srcset=\"https:\/\/pomos-y-tiradores.entutienda.vip\/wp-content\/uploads\/2023\/11\/pomos-de-laton.jpg 400w, https:\/\/pomos-y-tiradores.entutienda.vip\/wp-content\/uploads\/2023\/11\/pomos-de-laton-300x300.jpg 300w, https:\/\/pomos-y-tiradores.entutienda.vip\/wp-content\/uploads\/2023\/11\/pomos-de-laton-150x150.jpg 150w\" sizes=\"auto, (max-width: 400px) 100vw, 400px\" \/><\/a><\/figure>\n<\/div>\n\n\n<p class=\"has-text-align-center\"><strong>Pomos de lat\u00f3n para muebles<\/strong><\/p>\n\n\n<div class=\"wp-block-image is-resized\">\n<figure class=\"aligncenter size-full\"><a href=\"https:\/\/pomos-y-tiradores.entutienda.vip\/index.php\/pomos-resina-para-muebles\/\"><img loading=\"lazy\" decoding=\"async\" width=\"400\" height=\"400\" src=\"https:\/\/pomos-y-tiradores.entutienda.vip\/wp-content\/uploads\/2023\/11\/pomos-resina.jpg\" alt=\"Pomos de resina\" class=\"wp-image-76\" srcset=\"https:\/\/pomos-y-tiradores.entutienda.vip\/wp-content\/uploads\/2023\/11\/pomos-resina.jpg 400w, https:\/\/pomos-y-tiradores.entutienda.vip\/wp-content\/uploads\/2023\/11\/pomos-resina-300x300.jpg 300w, https:\/\/pomos-y-tiradores.entutienda.vip\/wp-content\/uploads\/2023\/11\/pomos-resina-150x150.jpg 150w\" sizes=\"auto, (max-width: 400px) 100vw, 400px\" \/><\/a><\/figure>\n<\/div>\n\n\n<p class=\"has-text-align-center\"><strong>Pomos de resina<\/strong><\/p>\n<\/div>\n\n\n\n<div class=\"wp-block-column is-layout-flow wp-block-column-is-layout-flow\"><div class=\"wp-block-image is-resized\">\n<figure class=\"aligncenter size-full\"><a href=\"https:\/\/pomos-y-tiradores.entutienda.vip\/index.php\/manillas-para-puertas\/\"><img loading=\"lazy\" decoding=\"async\" width=\"400\" height=\"400\" src=\"https:\/\/pomos-y-tiradores.entutienda.vip\/wp-content\/uploads\/2023\/11\/manetas-para-puerta.jpg\" alt=\"Manetas para puertas\" class=\"wp-image-68\" srcset=\"https:\/\/pomos-y-tiradores.entutienda.vip\/wp-content\/uploads\/2023\/11\/manetas-para-puerta.jpg 400w, https:\/\/pomos-y-tiradores.entutienda.vip\/wp-content\/uploads\/2023\/11\/manetas-para-puerta-300x300.jpg 300w, https:\/\/pomos-y-tiradores.entutienda.vip\/wp-content\/uploads\/2023\/11\/manetas-para-puerta-150x150.jpg 150w\" sizes=\"auto, (max-width: 400px) 100vw, 400px\" \/><\/a><\/figure>\n<\/div>\n\n\n<p class=\"has-text-align-center\"><strong>Manetas para puertas<\/strong><\/p>\n\n\n<div class=\"wp-block-image is-resized\">\n<figure class=\"aligncenter size-full\"><a href=\"https:\/\/pomos-y-tiradores.entutienda.vip\/index.php\/pomos-ceramica-para-muebles\/\"><img loading=\"lazy\" decoding=\"async\" width=\"400\" height=\"400\" src=\"https:\/\/pomos-y-tiradores.entutienda.vip\/wp-content\/uploads\/2023\/11\/pomos-de-ceramica.jpg\" alt=\"Pomos de cer\u00e1mica para muebles\" class=\"wp-image-72\" srcset=\"https:\/\/pomos-y-tiradores.entutienda.vip\/wp-content\/uploads\/2023\/11\/pomos-de-ceramica.jpg 400w, https:\/\/pomos-y-tiradores.entutienda.vip\/wp-content\/uploads\/2023\/11\/pomos-de-ceramica-300x300.jpg 300w, https:\/\/pomos-y-tiradores.entutienda.vip\/wp-content\/uploads\/2023\/11\/pomos-de-ceramica-150x150.jpg 150w\" sizes=\"auto, (max-width: 400px) 100vw, 400px\" \/><\/a><\/figure>\n<\/div>\n\n\n<p class=\"has-text-align-center\"><strong>Pomos de cer\u00e1mica para muebles<\/strong><\/p>\n\n\n<div class=\"wp-block-image is-resized\">\n<figure class=\"aligncenter size-full\"><a href=\"https:\/\/pomos-y-tiradores.entutienda.vip\/index.php\/pomos-metalicos-para-muebles\/\"><img loading=\"lazy\" decoding=\"async\" width=\"400\" height=\"400\" src=\"https:\/\/pomos-y-tiradores.entutienda.vip\/wp-content\/uploads\/2023\/11\/pomos-de-metal.jpg\" alt=\"Pomos met\u00e1licos para muebles\" class=\"wp-image-75\" srcset=\"https:\/\/pomos-y-tiradores.entutienda.vip\/wp-content\/uploads\/2023\/11\/pomos-de-metal.jpg 400w, https:\/\/pomos-y-tiradores.entutienda.vip\/wp-content\/uploads\/2023\/11\/pomos-de-metal-300x300.jpg 300w, https:\/\/pomos-y-tiradores.entutienda.vip\/wp-content\/uploads\/2023\/11\/pomos-de-metal-150x150.jpg 150w\" sizes=\"auto, (max-width: 400px) 100vw, 400px\" \/><\/a><\/figure>\n<\/div>\n\n\n<p class=\"has-text-align-center\"><strong>Pomos met\u00e1licos para muebles<\/strong><\/p>\n\n\n<div class=\"wp-block-image is-resized\">\n<figure class=\"aligncenter size-full\"><a href=\"https:\/\/pomos-y-tiradores.entutienda.vip\/index.php\/pomos-cuerda-yute-para-muebles\/\"><img loading=\"lazy\" decoding=\"async\" width=\"400\" height=\"400\" src=\"https:\/\/pomos-y-tiradores.entutienda.vip\/wp-content\/uploads\/2023\/11\/pomos-cuerda-yute.jpg\" alt=\"Pomos de cuerda de yute\" class=\"wp-image-71\" srcset=\"https:\/\/pomos-y-tiradores.entutienda.vip\/wp-content\/uploads\/2023\/11\/pomos-cuerda-yute.jpg 400w, https:\/\/pomos-y-tiradores.entutienda.vip\/wp-content\/uploads\/2023\/11\/pomos-cuerda-yute-300x300.jpg 300w, https:\/\/pomos-y-tiradores.entutienda.vip\/wp-content\/uploads\/2023\/11\/pomos-cuerda-yute-150x150.jpg 150w\" sizes=\"auto, (max-width: 400px) 100vw, 400px\" \/><\/a><\/figure>\n<\/div>\n\n\n<p class=\"has-text-align-center\"><strong>Pomos de cuerda de yute<\/strong><\/p>\n<\/div>\n\n\n\n<div class=\"wp-block-column is-layout-flow wp-block-column-is-layout-flow\"><div class=\"wp-block-image is-resized\">\n<figure class=\"aligncenter size-full\"><a href=\"https:\/\/pomos-y-tiradores.entutienda.vip\/index.php\/tiradores-metalicos-para-muebles-y-puertas\/\"><img loading=\"lazy\" decoding=\"async\" width=\"400\" height=\"400\" src=\"https:\/\/pomos-y-tiradores.entutienda.vip\/wp-content\/uploads\/2023\/11\/tiradores-de-metal.jpg\" alt=\"Tiradores met\u00e1licos para muebles y puertas\" class=\"wp-image-78\" srcset=\"https:\/\/pomos-y-tiradores.entutienda.vip\/wp-content\/uploads\/2023\/11\/tiradores-de-metal.jpg 400w, https:\/\/pomos-y-tiradores.entutienda.vip\/wp-content\/uploads\/2023\/11\/tiradores-de-metal-300x300.jpg 300w, https:\/\/pomos-y-tiradores.entutienda.vip\/wp-content\/uploads\/2023\/11\/tiradores-de-metal-150x150.jpg 150w\" sizes=\"auto, (max-width: 400px) 100vw, 400px\" \/><\/a><\/figure>\n<\/div>\n\n\n<p class=\"has-text-align-center\"><strong>Tiradores met\u00e1licos para muebles y puertas<\/strong><\/p>\n\n\n<div class=\"wp-block-image is-resized\">\n<figure class=\"aligncenter size-full\"><a href=\"https:\/\/pomos-y-tiradores.entutienda.vip\/index.php\/pomos-cristal-para-muebles\/\"><img loading=\"lazy\" decoding=\"async\" width=\"400\" height=\"400\" src=\"https:\/\/pomos-y-tiradores.entutienda.vip\/wp-content\/uploads\/2023\/11\/pomos-de-cristal.jpg\" alt=\"Pomos de cristal para muebles\" class=\"wp-image-73\" srcset=\"https:\/\/pomos-y-tiradores.entutienda.vip\/wp-content\/uploads\/2023\/11\/pomos-de-cristal.jpg 400w, https:\/\/pomos-y-tiradores.entutienda.vip\/wp-content\/uploads\/2023\/11\/pomos-de-cristal-300x300.jpg 300w, https:\/\/pomos-y-tiradores.entutienda.vip\/wp-content\/uploads\/2023\/11\/pomos-de-cristal-150x150.jpg 150w\" sizes=\"auto, (max-width: 400px) 100vw, 400px\" \/><\/a><\/figure>\n<\/div>\n\n\n<p class=\"has-text-align-center\"><strong>Pomos de cristal para muebles<\/strong><\/p>\n\n\n<div class=\"wp-block-image is-resized\">\n<figure class=\"aligncenter size-full\"><a href=\"https:\/\/pomos-y-tiradores.entutienda.vip\/index.php\/pomos-madera-para-muebles\/\"><img loading=\"lazy\" decoding=\"async\" width=\"400\" height=\"400\" src=\"https:\/\/pomos-y-tiradores.entutienda.vip\/wp-content\/uploads\/2023\/11\/pmos-de-madera.jpg\" alt=\"Pomos de madera para muebles\" class=\"wp-image-70\" srcset=\"https:\/\/pomos-y-tiradores.entutienda.vip\/wp-content\/uploads\/2023\/11\/pmos-de-madera.jpg 400w, https:\/\/pomos-y-tiradores.entutienda.vip\/wp-content\/uploads\/2023\/11\/pmos-de-madera-300x300.jpg 300w, https:\/\/pomos-y-tiradores.entutienda.vip\/wp-content\/uploads\/2023\/11\/pmos-de-madera-150x150.jpg 150w\" sizes=\"auto, (max-width: 400px) 100vw, 400px\" \/><\/a><\/figure>\n<\/div>\n\n\n<p class=\"has-text-align-center\"><strong>Pomos de madera para muebles<\/strong><\/p>\n<\/div>\n<\/div>\n\n\n\n<h2 class=\"wp-block-heading\">La mejor selecci\u00f3n de productos de las marcas m\u00e1s destacadas<\/h2>\n\n\n\n<div class=\"wp-block-columns is-layout-flex wp-container-core-columns-is-layout-9d6595d7 wp-block-columns-is-layout-flex\">\n<div class=\"wp-block-column is-layout-flow wp-block-column-is-layout-flow\">\n<figure class=\"wp-block-image size-full\"><a href=\"https:\/\/pomos-y-tiradores.entutienda.vip\/index.php\/productos-brute-strength\/\"><img loading=\"lazy\" decoding=\"async\" width=\"500\" height=\"300\" src=\"https:\/\/pomos-y-tiradores.entutienda.vip\/wp-content\/uploads\/2023\/11\/Brute-Strength.jpg\" alt=\"Productos Brute Strength\" class=\"wp-image-79\" srcset=\"https:\/\/pomos-y-tiradores.entutienda.vip\/wp-content\/uploads\/2023\/11\/Brute-Strength.jpg 500w, https:\/\/pomos-y-tiradores.entutienda.vip\/wp-content\/uploads\/2023\/11\/Brute-Strength-300x180.jpg 300w\" sizes=\"auto, (max-width: 500px) 100vw, 500px\" \/><\/a><\/figure>\n<\/div>\n\n\n\n<div class=\"wp-block-column is-layout-flow wp-block-column-is-layout-flow\"><div class=\"wp-block-image is-resized\">\n<figure class=\"aligncenter size-full\"><a href=\"https:\/\/pomos-y-tiradores.entutienda.vip\/index.php\/productos-g-decor\/\"><img loading=\"lazy\" decoding=\"async\" width=\"500\" height=\"300\" src=\"https:\/\/pomos-y-tiradores.entutienda.vip\/wp-content\/uploads\/2023\/11\/G-Decor.jpg\" alt=\"Productos G.Decor\" class=\"wp-image-80\" srcset=\"https:\/\/pomos-y-tiradores.entutienda.vip\/wp-content\/uploads\/2023\/11\/G-Decor.jpg 500w, https:\/\/pomos-y-tiradores.entutienda.vip\/wp-content\/uploads\/2023\/11\/G-Decor-300x180.jpg 300w\" sizes=\"auto, (max-width: 500px) 100vw, 500px\" \/><\/a><\/figure>\n<\/div><\/div>\n\n\n\n<div class=\"wp-block-column is-layout-flow wp-block-column-is-layout-flow\"><div class=\"wp-block-image\">\n<figure class=\"aligncenter size-full\"><a href=\"https:\/\/pomos-y-tiradores.entutienda.vip\/index.php\/productos-indian-shelf\/\"><img loading=\"lazy\" decoding=\"async\" width=\"500\" height=\"300\" src=\"https:\/\/pomos-y-tiradores.entutienda.vip\/wp-content\/uploads\/2023\/11\/indian-shelf.jpg\" alt=\"Productos Indian Shelf\" class=\"wp-image-81\" srcset=\"https:\/\/pomos-y-tiradores.entutienda.vip\/wp-content\/uploads\/2023\/11\/indian-shelf.jpg 500w, https:\/\/pomos-y-tiradores.entutienda.vip\/wp-content\/uploads\/2023\/11\/indian-shelf-300x180.jpg 300w\" sizes=\"auto, (max-width: 500px) 100vw, 500px\" \/><\/a><\/figure>\n<\/div><\/div>\n<\/div>\n\n\n\n<p><\/p>\n","protected":false},"excerpt":{"rendered":"<p>Aqu\u00ed tienes un listado de las categor\u00edas de productos que puedes encontrar Manetas para puertas con llave Tiradores de cuero para muebles Pomos de lat\u00f3n para muebles Pomos de resina Manetas para puertas Pomos de cer\u00e1mica para muebles Pomos met\u00e1licos para muebles Pomos de cuerda de yute Tiradores met\u00e1licos para muebles y puertas Pomos de &#8230; <a title=\"Tienda donde encontraras todo tipo de pomos, tiradores y manecillas tanto para cajones como puertas\" class=\"read-more\" href=\"https:\/\/pomos-y-tiradores.entutienda.vip\/\" aria-label=\"M\u00e1s en Tienda donde encontraras todo tipo de pomos, tiradores y manecillas tanto para cajones como puertas\">Leer m\u00e1s<\/a><\/p>\n","protected":false},"author":1,"featured_media":0,"parent":0,"menu_order":0,"comment_status":"closed","ping_status":"closed","template":"","meta":{"footnotes":""},"wf_page_folders":[2],"class_list":["post-36","page","type-page","status-publish"],"yoast_head":"<!-- This site is optimized with the Yoast SEO plugin v21.5 - https:\/\/yoast.com\/wordpress\/plugins\/seo\/ -->\n<title>Tienda donde encontraras todo tipo de pomos, tiradores y manecillas tanto para cajones como puertas<\/title>\n<meta name=\"robots\" content=\"noindex, follow, max-snippet:-1, max-image-preview:large, max-video-preview:-1\" \/>\n<meta property=\"og:locale\" content=\"es_ES\" \/>\n<meta property=\"og:type\" content=\"article\" \/>\n<meta property=\"og:title\" content=\"Tienda donde encontraras todo tipo de pomos, tiradores y manecillas tanto para cajones como puertas\" \/>\n<meta property=\"og:description\" content=\"Aqu\u00ed tienes un listado de las categor\u00edas de productos que puedes encontrar Manetas para puertas con llave Tiradores de cuero para muebles Pomos de lat\u00f3n para muebles Pomos de resina Manetas para puertas Pomos de cer\u00e1mica para muebles Pomos met\u00e1licos para muebles Pomos de cuerda de yute Tiradores met\u00e1licos para muebles y puertas Pomos de ... Leer m\u00e1s\" \/>\n<meta property=\"og:url\" content=\"https:\/\/pomos-y-tiradores.entutienda.vip\/\" \/>\n<meta property=\"og:site_name\" content=\"Pomos y tiradores\" \/>\n<meta property=\"article:modified_time\" content=\"2024-01-27T21:34:02+00:00\" \/>\n<meta property=\"og:image\" content=\"https:\/\/pomos-y-tiradores.entutienda.vip\/wp-content\/uploads\/2023\/11\/manetas-para-puerta-con-llave.jpg\" \/>\n<meta name=\"twitter:card\" content=\"summary_large_image\" \/>\n<meta name=\"twitter:label1\" content=\"Tiempo de lectura\" \/>\n\t<meta name=\"twitter:data1\" content=\"4 minutos\" \/>\n<script type=\"application\/ld+json\" class=\"yoast-schema-graph\">{\"@context\":\"https:\/\/schema.org\",\"@graph\":[{\"@type\":\"WebPage\",\"@id\":\"https:\/\/pomos-y-tiradores.entutienda.vip\/\",\"url\":\"https:\/\/pomos-y-tiradores.entutienda.vip\/\",\"name\":\"Tienda donde encontraras todo tipo de pomos, tiradores y manecillas tanto para cajones como puertas\",\"isPartOf\":{\"@id\":\"https:\/\/pomos-y-tiradores.entutienda.vip\/#website\"},\"datePublished\":\"2023-11-17T18:04:56+00:00\",\"dateModified\":\"2024-01-27T21:34:02+00:00\",\"inLanguage\":\"es\",\"potentialAction\":[{\"@type\":\"ReadAction\",\"target\":[\"https:\/\/pomos-y-tiradores.entutienda.vip\/\"]}]},{\"@type\":\"WebSite\",\"@id\":\"https:\/\/pomos-y-tiradores.entutienda.vip\/#website\",\"url\":\"https:\/\/pomos-y-tiradores.entutienda.vip\/\",\"name\":\"Pomos y tiradores\",\"description\":\"Tienda donde encontraras todo tipo de tiradores, pomos y manecillas tanto para puertas como para cajones\",\"potentialAction\":[{\"@type\":\"SearchAction\",\"target\":{\"@type\":\"EntryPoint\",\"urlTemplate\":\"https:\/\/pomos-y-tiradores.entutienda.vip\/?s={search_term_string}\"},\"query-input\":\"required name=search_term_string\"}],\"inLanguage\":\"es\"}]}<\/script>\n<!-- \/ Yoast SEO plugin. -->","yoast_head_json":{"title":"Tienda donde encontraras todo tipo de pomos, tiradores y manecillas tanto para cajones como puertas","robots":{"index":"noindex","follow":"follow","max-snippet":"max-snippet:-1","max-image-preview":"max-image-preview:large","max-video-preview":"max-video-preview:-1"},"og_locale":"es_ES","og_type":"article","og_title":"Tienda donde encontraras todo tipo de pomos, tiradores y manecillas tanto para cajones como puertas","og_description":"Aqu\u00ed tienes un listado de las categor\u00edas de productos que puedes encontrar Manetas para puertas con llave Tiradores de cuero para muebles Pomos de lat\u00f3n para muebles Pomos de resina Manetas para puertas Pomos de cer\u00e1mica para muebles Pomos met\u00e1licos para muebles Pomos de cuerda de yute Tiradores met\u00e1licos para muebles y puertas Pomos de ... Leer m\u00e1s","og_url":"https:\/\/pomos-y-tiradores.entutienda.vip\/","og_site_name":"Pomos y tiradores","article_modified_time":"2024-01-27T21:34:02+00:00","og_image":[{"url":"https:\/\/pomos-y-tiradores.entutienda.vip\/wp-content\/uploads\/2023\/11\/manetas-para-puerta-con-llave.jpg"}],"twitter_card":"summary_large_image","twitter_misc":{"Tiempo de lectura":"4 minutos"},"schema":{"@context":"https:\/\/schema.org","@graph":[{"@type":"WebPage","@id":"https:\/\/pomos-y-tiradores.entutienda.vip\/","url":"https:\/\/pomos-y-tiradores.entutienda.vip\/","name":"Tienda donde encontraras todo tipo de pomos, tiradores y manecillas tanto para cajones como puertas","isPartOf":{"@id":"https:\/\/pomos-y-tiradores.entutienda.vip\/#website"},"datePublished":"2023-11-17T18:04:56+00:00","dateModified":"2024-01-27T21:34:02+00:00","inLanguage":"es","potentialAction":[{"@type":"ReadAction","target":["https:\/\/pomos-y-tiradores.entutienda.vip\/"]}]},{"@type":"WebSite","@id":"https:\/\/pomos-y-tiradores.entutienda.vip\/#website","url":"https:\/\/pomos-y-tiradores.entutienda.vip\/","name":"Pomos y tiradores","description":"Tienda donde encontraras todo tipo de tiradores, pomos y manecillas tanto para puertas como para cajones","potentialAction":[{"@type":"SearchAction","target":{"@type":"EntryPoint","urlTemplate":"https:\/\/pomos-y-tiradores.entutienda.vip\/?s={search_term_string}"},"query-input":"required name=search_term_string"}],"inLanguage":"es"}]}},"_links":{"self":[{"href":"https:\/\/pomos-y-tiradores.entutienda.vip\/index.php\/wp-json\/wp\/v2\/pages\/36","targetHints":{"allow":["GET"]}}],"collection":[{"href":"https:\/\/pomos-y-tiradores.entutienda.vip\/index.php\/wp-json\/wp\/v2\/pages"}],"about":[{"href":"https:\/\/pomos-y-tiradores.entutienda.vip\/index.php\/wp-json\/wp\/v2\/types\/page"}],"author":[{"embeddable":true,"href":"https:\/\/pomos-y-tiradores.entutienda.vip\/index.php\/wp-json\/wp\/v2\/users\/1"}],"replies":[{"embeddable":true,"href":"https:\/\/pomos-y-tiradores.entutienda.vip\/index.php\/wp-json\/wp\/v2\/comments?post=36"}],"version-history":[{"count":4,"href":"https:\/\/pomos-y-tiradores.entutienda.vip\/index.php\/wp-json\/wp\/v2\/pages\/36\/revisions"}],"predecessor-version":[{"id":110,"href":"https:\/\/pomos-y-tiradores.entutienda.vip\/index.php\/wp-json\/wp\/v2\/pages\/36\/revisions\/110"}],"wp:attachment":[{"href":"https:\/\/pomos-y-tiradores.entutienda.vip\/index.php\/wp-json\/wp\/v2\/media?parent=36"}],"wp:term":[{"taxonomy":"wf_page_folders","embeddable":true,"href":"https:\/\/pomos-y-tiradores.entutienda.vip\/index.php\/wp-json\/wp\/v2\/wf_page_folders?post=36"}],"curies":[{"name":"wp","href":"https:\/\/api.w.org\/{rel}","templated":true}]}}